{"id":9,"date":"2025-09-02T15:13:41","date_gmt":"2025-09-02T20:13:41","guid":{"rendered":"http:\/\/myhouseapartaestudios.co\/?page_id=9"},"modified":"2025-09-05T09:43:42","modified_gmt":"2025-09-05T14:43:42","slug":"alquiler-de-apartaestudios-en-bogota","status":"publish","type":"page","link":"https:\/\/myhouseapartaestudios.co\/","title":{"rendered":"Alquiler de Apartaestudios en Bogot\u00e1"},"content":{"rendered":"\t\t<div data-elementor-type=\"wp-page\" data-elementor-id=\"9\" class=\"elementor elementor-9\">\n\t\t\t\t\t\t<section class=\"elementor-section elementor-top-section elementor-element elementor-element-5fd83c7 elementor-section-boxed elementor-section-height-default elementor-section-height-default\" data-id=\"5fd83c7\" data-element_type=\"section\" data-e-type=\"section\" id=\"por-que-my-house\">\n\t\t\t\t\t\t<div class=\"elementor-container elementor-column-gap-default\">\n\t\t\t\t\t<div class=\"elementor-column elementor-col-100 elementor-top-column elementor-element elementor-element-bac504e\" data-id=\"bac504e\" data-element_type=\"column\" data-e-type=\"column\">\n\t\t\t<div class=\"elementor-widget-wrap elementor-element-populated\">\n\t\t\t\t\t\t<div class=\"elementor-element elementor-element-77c8c12 elementor-widget elementor-widget-heading\" data-id=\"77c8c12\" data-element_type=\"widget\" data-e-type=\"widget\" data-widget_type=\"heading.default\">\n\t\t\t\t<div class=\"elementor-widget-container\">\n\t\t\t\t\t<h2 class=\"elementor-heading-title elementor-size-default\">\u00bfPor Qu\u00e9 My House Apartaestudios?<\/h2>\t\t\t\t<\/div>\n\t\t\t\t<\/div>\n\t\t\t\t<div class=\"elementor-element elementor-element-5febf32 elementor-widget elementor-widget-text-editor\" data-id=\"5febf32\" data-element_type=\"widget\" data-e-type=\"widget\" data-widget_type=\"text-editor.default\">\n\t\t\t\t<div class=\"elementor-widget-container\">\n\t\t\t\t\t\t\t\t\t<p style=\"text-align: justify;\">En My House ofrecemos una soluci\u00f3n de vivienda ideal para quienes buscan una ubicaci\u00f3n estrat\u00e9gica en la ciudad. Contamos con edificios de apartamentos tipo loft americano independientes, bien iluminados y ventilados, con un dise\u00f1o arquitect\u00f3nico de uno o dos ambientes.<\/p><p style=\"text-align: justify;\">Adem\u00e1s, nuestras ubicaciones se encuentran en zonas c\u00e9ntricas muy cercanas a v\u00edas principales y universidades, lo que los hace perfectos para aquellos que buscan comodidad y accesibilidad. \u00a1No dudes en <a href=\"https:\/\/myhouseapartaestudios.co\/?page_id=337\" target=\"_blank\" rel=\"noopener\">contactarnos<\/a> para conocer m\u00e1s acerca de nuestras opciones\u00a0vivienda!<\/p>\t\t\t\t\t\t\t\t<\/div>\n\t\t\t\t<\/div>\n\t\t\t\t\t<\/div>\n\t\t<\/div>\n\t\t\t\t\t<\/div>\n\t\t<\/section>\n\t\t\t\t<section class=\"elementor-section elementor-top-section elementor-element elementor-element-8fbeab2 elementor-section-boxed elementor-section-height-default elementor-section-height-default\" data-id=\"8fbeab2\" data-element_type=\"section\" data-e-type=\"section\" id=\"ubicaciones\" data-settings=\"{&quot;background_background&quot;:&quot;classic&quot;}\">\n\t\t\t\t\t\t<div class=\"elementor-container elementor-column-gap-default\">\n\t\t\t\t\t<div class=\"elementor-column elementor-col-100 elementor-top-column elementor-element elementor-element-c455994\" data-id=\"c455994\" data-element_type=\"column\" data-e-type=\"column\">\n\t\t\t<div class=\"elementor-widget-wrap elementor-element-populated\">\n\t\t\t\t\t\t<div class=\"elementor-element elementor-element-2839cf9 elementor-widget elementor-widget-heading\" data-id=\"2839cf9\" data-element_type=\"widget\" data-e-type=\"widget\" data-widget_type=\"heading.default\">\n\t\t\t\t<div class=\"elementor-widget-container\">\n\t\t\t\t\t<h2 class=\"elementor-heading-title elementor-size-default\">Ubicaciones<\/h2>\t\t\t\t<\/div>\n\t\t\t\t<\/div>\n\t\t\t\t<div class=\"elementor-element elementor-element-eee4912 elementor-widget elementor-widget-text-editor\" data-id=\"eee4912\" data-element_type=\"widget\" data-e-type=\"widget\" data-widget_type=\"text-editor.default\">\n\t\t\t\t<div class=\"elementor-widget-container\">\n\t\t\t\t\t\t\t\t\t<p>Selecciona una de nuestras ubicaciones para conocer m\u00e1s detalles<\/p>\t\t\t\t\t\t\t\t<\/div>\n\t\t\t\t<\/div>\n\t\t\t\t<div class=\"elementor-element elementor-element-840eaa2 elementor-widget elementor-widget-shortcode\" data-id=\"840eaa2\" data-element_type=\"widget\" data-e-type=\"widget\" data-widget_type=\"shortcode.default\">\n\t\t\t\t<div class=\"elementor-widget-container\">\n\t\t\t\t\t\t\t<div class=\"elementor-shortcode\"><!-- The Grid Plugin Version 2.7.4 --><!-- The Grid Wrapper Start --><div class=\"tg-grid-wrapper tg-nav-sqr-thick\" id=\"grid-7594\" data-version=\"2.7.4\"><!-- The Grid Styles --><style class=\"tg-grid-styles\" type=\"text\/css\" scoped>#grid-7594 .tg-nav-border:hover,#grid-7594 .tg-page-number.tg-page-current,#grid-7594 .tg-filter.tg-filter-active:not(.tg-dropdown-item){border-color:#34397a}#grid-7594 .tg-nav-border,#grid-7594 .tg-dropdown-holder:hover,#grid-7594 .tg-search-inner:hover,#grid-7594 .tg-sorter-order:hover,#grid-7594 .tg-disabled:hover i{border:2px solid #BBBDD2}#grid-7594 .tg-search-clear,#grid-7594 .tg-search-clear:hover{border:none;border-left:2px solid #BBBDD2}#grid-7594 .tg-nav-color:not(.dots):not(.tg-dropdown-value):not(.tg-dropdown-title):hover,#grid-7594 .tg-nav-color:hover .tg-nav-color,#grid-7594 .tg-page-number.tg-page-current,#grid-7594 .tg-filter.tg-filter-active span:not(.tg-filter-count){color:#34397a}.tg-nav-sqr-thick .tg-page-number.dots{border:none !important}.tg-nav-sqr-thick .tg-grid-area-left i,.tg-nav-sqr-thick .tg-grid-area-left i:before,.tg-nav-sqr-thick .tg-grid-area-right i,.tg-nav-sqr-thick .tg-grid-area-right i:before{line-height:38px}.tg-nav-sqr-thick input[type=text].tg-search{height:36px}.tg-nav-sqr-thick .tg-nav-font,.tg-nav-sqr-thick input[type=text].tg-search{font-size:13px;font-weight:600;line-height:36px}.tg-nav-sqr-thick .tg-search::-webkit-input-placeholder{font-size:13px;font-weight:600;line-height:36px}.tg-nav-sqr-thick .tg-search::-moz-placeholder{font-size:13px;font-weight:600;line-height:36px}.tg-nav-sqr-thick .tg-search:-ms-input-placeholder{font-size:13px;font-weight:600;line-height:36px}.tg-nav-sqr-thick .tg-page-number.dots,.tg-nav-sqr-thick .tg-slider-bullets{height:40px}.tg-nav-sqr-thick .tg-search-icon,.tg-nav-sqr-thick .tg-search-clear,.tg-nav-sqr-thick .tg-sorter-order,.tg-nav-sqr-thick .tg-page-number,.tg-nav-sqr-thick .tg-left-arrow i,.tg-nav-sqr-thick .tg-right-arrow i{min-width:40px}.tg-nav-sqr-thick .tg-search-icon,.tg-nav-sqr-thick .tg-sorter-order i{font-weight:100}.tg-nav-sqr-thick .tg-page-number.dots,.tg-nav-sqr-thick .tg-search-inner,.tg-nav-sqr-thick .tg-search-clear,.tg-nav-sqr-thick .tg-sorter-order,.tg-nav-sqr-thick .tg-left-arrow,.tg-nav-sqr-thick .tg-right-arrow{border:none}.tg-nav-sqr-thick .tg-dropdown-list{margin-top:2px}#grid-7594 .tg-nav-color,#grid-7594 .tg-search-icon:hover:before,#grid-7594 .tg-search-icon:hover input,#grid-7594 .tg-disabled:hover .tg-icon-left-arrow,#grid-7594 .tg-disabled:hover .tg-icon-right-arrow,#grid-7594 .tg-dropdown-title.tg-nav-color:hover{color:#34397a}#grid-7594 input.tg-search:hover{color:#34397a !important}#grid-7594 input.tg-search::-webkit-input-placeholder{color:#34397a}#grid-7594 input.tg-search::-moz-placeholder{color:#34397a;opacity:1}#grid-7594 input.tg-search:-ms-input-placeholder{color:#34397a}.grid-7594 .tg-dropdown-item{color:#777777;background:#ffffff}.grid-7594 .tg-filter-active,.grid-7594 .tg-dropdown-item:hover{color:#444444;background:#f5f6fa}#grid-7594 .tg-slider-bullets li.tg-active-item span{background:#59585b}#grid-7594 .tg-slider-bullets li span{background:rgba(52,57,122,0.87)}#grid-7594 .tg-grid-area-bottom1{text-align:center;padding-top:25px}.lome a,.lome a:active,.lome a:focus,.lome .tg-cats-holder,.lome .tg-item-title{text-decoration:none;border:none;-webkit-box-shadow:none;box-shadow:none;-webkit-transition:opacity 0.25s ease,color 0.25s ease,-webkit-transform 0.3s ease-in-out;-moz-transition:opacity 0.25s ease,color 0.25s ease,-moz-transform 0.3s ease-in-out;-ms-transition:opacity 0.25s ease,color 0.25s ease,-ms-transform 0.3s ease-in-out;-o-transition:opacity 0.25s ease,color 0.25s ease,-o-transform 0.3s ease-in-out;transition:opacity 0.25s ease,color 0.25s ease,transform 0.3s ease-in-out}.lome.tg-item{overflow:hidden}.lome .tg-center-holder{text-align:center}.lome .tg-item-content,.lome .tg-item-media-holder,.lome .tg-item-overlay{position:absolute;display:block;top:0;left:0;bottom:0;right:0}.lome:hover .tg-item-overlay{opacity:0.1}.lome .tg-item-content{margin:22px}.lome .tg-item-link{position:absolute;display:block;top:-500%;left:-22px;right:-22px;height:1000%}.lome .tg-item-title,.lome .tg-item-title a{position:relative;display:block;font-size:20px;line-height:26px;font-weight:600;margin:0 !important;padding:0 !important;text-transform:uppercase}.tg-layout-justified .lome .tg-item-title,.tg-layout-justified .lome .tg-item-title a{font-size:14px;line-height:18px}.lome .tg-item-title{margin:10px 0 0 0!important}.lome .tg-item-date{position:relative;display:block;font-size:14px;line-height:16px;margin:0;padding:0;font-style:italic}.tg-layout-justified .lome .tg-item-date{font-size:12px;line-height:16px}.lome .tg-media-button{position:absolute;display:block;bottom:0;right:0;width:20px;height:20px;cursor:pointer;text-align:center}.lome .tg-cats-holder a:hover,.lome .tg-media-button:hover{opacity:0.75}.lome .tg-media-button i{position:relative;display:block;width:20px;height:20px;font-size:18px;line-height:20px;cursor:pointer}.lome .tg-media-button .tg-icon-add{font-size:28px}.lome .mejs-overlay-play{display:none !important}.tg-item .tg-dark div,.tg-item .tg-dark h1,.tg-item .tg-dark h1 a,.tg-item .tg-dark h2,.tg-item .tg-dark h2 a,.tg-item .tg-dark h3,.tg-item .tg-dark h3 a,.tg-item .tg-dark h4,.tg-item .tg-dark h4 a,.tg-item .tg-dark h5,.tg-item .tg-dark h5 a,.tg-item .tg-dark h6,.tg-item .tg-dark h6 a,.tg-item .tg-dark a,.tg-item .tg-dark a.tg-link-url,.tg-item .tg-dark i,.tg-item .tg-dark .tg-media-button,.tg-item .tg-dark .tg-item-price span{color:#444444;fill:#444444;stroke:#444444;border-color:#444444}.tg-item .tg-dark p,.tg-item .tg-dark ol,.tg-item .tg-dark ul,.tg-item .tg-dark li{color:#777777;fill:#777777;stroke:#777777;border-color:#777777}.tg-item .tg-dark span,.tg-item .tg-dark .no-liked .to-heart-icon path,.tg-item .tg-dark .empty-heart .to-heart-icon path,.tg-item .tg-dark .tg-item-comment i,.tg-item .tg-dark .tg-item-price del span{color:#999999;fill:#999999;stroke:#999999;border-color:#999999}.tg-item .tg-light div,.tg-item .tg-light h1,.tg-item .tg-light h1 a,.tg-item .tg-light h2,.tg-item .tg-light h2 a,.tg-item .tg-light h3,.tg-item .tg-light h3 a,.tg-item .tg-light h4,.tg-item .tg-light h4 a,.tg-item .tg-light h5,.tg-item .tg-light h5 a,.tg-item .tg-light h6,.tg-item .tg-light h6 a,.tg-item .tg-light a,.tg-item .tg-light a.tg-link-url,.tg-item .tg-light i,.tg-item .tg-light .tg-media-button,.tg-item .tg-light .tg-item-price span{color:#ffffff;fill:#ffffff;stroke:#ffffff;border-color:#ffffff}.tg-item .tg-light p,.tg-item .tg-light ol,.tg-item .tg-light ul,.tg-item .tg-light li{color:#f6f6f6;fill:#f6f6f6;stroke:#f6f6f6;border-color:#f6f6f6}.tg-item .tg-light span,.tg-item .tg-light .no-liked .to-heart-icon path,.tg-item .tg-light .empty-heart .to-heart-icon path,.tg-item .tg-light .tg-item-comment i,.tg-item .tg-light .tg-item-price del span{color:#f5f5f5;fill:#f5f5f5;stroke:#f5f5f5;border-color:#f5f5f5}#grid-7594 .tg-item-content-holder{background-color:#ffffff}#grid-7594 .tg-item-overlay{background-color:rgba(22,22,22,0.65)}<\/style><!-- The Grid Item Sizer --><div class=\"tg-grid-sizer\"><\/div><!-- The Grid Gutter Sizer --><div class=\"tg-gutter-sizer\"><\/div><!-- The Grid Slider Wrapper Start --><div class=\"tg-grid-slider\"><!-- The Grid Items Holder --><div class=\"tg-grid-holder tg-layout-grid\"  data-name=\"Carrusel Botones\"  data-style=\"grid\" data-row=\"1\" data-layout=\"horizontal\" data-rtl=\"\" data-fitrows=\"\" data-filtercomb=\"\" data-filterlogic=\"AND\" data-filterload =\"\" data-sortbyload =\"\" data-orderload =\"false\" data-fullwidth=\"\" data-fullheight=\"\" data-gutters=\"[[320,5],[480,5],[768,10],[980,10],[1200,10],[9999,10]]\" data-slider='{\"itemNav\":\"null\",\"swingSpeed\":0.1,\"cycleBy\":\"null\",\"cycle\":5000,\"startAt\":1}' data-ratio=\"1.00\" data-cols=\"[[320,1],[480,1],[768,2],[980,4],[1200,4],[9999,5]]\" data-rows=\"[[320,200],[480,200],[768,220],[980,220],[1200,240],[9999,240]]\" data-animation='{&quot;name&quot;:&quot;Fade in&quot;,&quot;visible&quot;:&quot;&quot;,&quot;hidden&quot;:&quot;&quot;}' data-transition=\"700ms\" data-ajaxmethod=\"\" data-ajaxdelay=\"100\" data-preloader=\"\" data-itemdelay=\"100\" data-gallery=\"1\" data-ajax=\"\"><!-- The Grid item #1 --><article class=\"tg-item tg-post-114 lome\" data-row=\"1\" data-col=\"1\"><div class=\"tg-item-inner\"><div class=\"tg-item-media-holder tg-light\"><div class=\"tg-item-media-inner\"><div class=\"tg-item-image\" style=\"background-image: url(https:\/\/myhouseapartaestudios.co\/wp-content\/uploads\/2020\/05\/apartaestudio-chapinero-alto-3.jpg)\"><\/div><\/div><div class=\"tg-item-overlay\"><\/div><div class=\"tg-item-content\"><div class=\"tg-center-holder\"><div class=\"tg-center-inner\"><a class=\"tg-item-link\" href=\"https:\/\/myhouseapartaestudios.co\/?page_id=114\" target=\"_self\"><\/a><span class=\"tg-item-date\">abril 25, 2023<\/span><h2 class=\"tg-item-title\"><a href=\"https:\/\/myhouseapartaestudios.co\/?page_id=114\" target=\"_self\">Apartaestudios Chapinero Alto<\/a><\/h2><\/div><\/div><\/div><\/div><\/div><\/article><!-- The Grid item #2 --><article class=\"tg-item tg-post-173 lome\" data-row=\"1\" data-col=\"1\"><div class=\"tg-item-inner\"><div class=\"tg-item-media-holder tg-light\"><div class=\"tg-item-media-inner\"><div class=\"tg-item-image\" style=\"background-image: url(https:\/\/myhouseapartaestudios.co\/wp-content\/uploads\/2020\/05\/apartaestudio-my-house-palermo-modelo-1-4.jpg)\"><\/div><\/div><div class=\"tg-item-overlay\"><\/div><div class=\"tg-item-content\"><div class=\"tg-center-holder\"><div class=\"tg-center-inner\"><a class=\"tg-item-link\" href=\"https:\/\/myhouseapartaestudios.co\/?page_id=173\" target=\"_self\"><\/a><span class=\"tg-item-date\">abril 25, 2023<\/span><h2 class=\"tg-item-title\"><a href=\"https:\/\/myhouseapartaestudios.co\/?page_id=173\" target=\"_self\">Apartaestudios Palermo<\/a><\/h2><\/div><\/div><\/div><\/div><\/div><\/article><!-- The Grid item #3 --><article class=\"tg-item tg-post-187 lome\" data-row=\"1\" data-col=\"1\"><div class=\"tg-item-inner\"><div class=\"tg-item-media-holder tg-light\"><div class=\"tg-item-media-inner\"><div class=\"tg-item-image\" style=\"background-image: url(https:\/\/myhouseapartaestudios.co\/wp-content\/uploads\/2020\/05\/apartaestudio-universidad-nacional-m3-3.jpg)\"><\/div><\/div><div class=\"tg-item-overlay\"><\/div><div class=\"tg-item-content\"><div class=\"tg-center-holder\"><div class=\"tg-center-inner\"><a class=\"tg-item-link\" href=\"https:\/\/myhouseapartaestudios.co\/?page_id=187\" target=\"_self\"><\/a><span class=\"tg-item-date\">abril 25, 2023<\/span><h2 class=\"tg-item-title\"><a href=\"https:\/\/myhouseapartaestudios.co\/?page_id=187\" target=\"_self\">Apartaestudios Universidad Nacional<\/a><\/h2><\/div><\/div><\/div><\/div><\/div><\/article><!-- The Grid item #4 --><article class=\"tg-item tg-post-192 lome\" data-row=\"1\" data-col=\"1\"><div class=\"tg-item-inner\"><div class=\"tg-item-media-holder tg-light\"><div class=\"tg-item-media-inner\"><div class=\"tg-item-image\" style=\"background-image: url(https:\/\/myhouseapartaestudios.co\/wp-content\/uploads\/2020\/05\/apartaestudio-universidad-javeriana-2.jpg)\"><\/div><\/div><div class=\"tg-item-overlay\"><\/div><div class=\"tg-item-content\"><div class=\"tg-center-holder\"><div class=\"tg-center-inner\"><a class=\"tg-item-link\" href=\"https:\/\/myhouseapartaestudios.co\/?page_id=192\" target=\"_self\"><\/a><span class=\"tg-item-date\">abril 25, 2023<\/span><h2 class=\"tg-item-title\"><a href=\"https:\/\/myhouseapartaestudios.co\/?page_id=192\" target=\"_self\">Apartaestudios Universidad Javeriana<\/a><\/h2><\/div><\/div><\/div><\/div><\/div><\/article><!-- The Grid item #5 --><article class=\"tg-item tg-post-217 lome\" data-row=\"1\" data-col=\"1\"><div class=\"tg-item-inner\"><div class=\"tg-item-media-holder tg-light\"><div class=\"tg-item-media-inner\"><div class=\"tg-item-image\" style=\"background-image: url(https:\/\/myhouseapartaestudios.co\/wp-content\/uploads\/2020\/05\/apartaestudios-lago-bogota-7.jpg)\"><\/div><\/div><div class=\"tg-item-overlay\"><\/div><div class=\"tg-item-content\"><div class=\"tg-center-holder\"><div class=\"tg-center-inner\"><a class=\"tg-item-link\" href=\"https:\/\/myhouseapartaestudios.co\/?page_id=217\" target=\"_self\"><\/a><span class=\"tg-item-date\">abril 25, 2023<\/span><h2 class=\"tg-item-title\"><a href=\"https:\/\/myhouseapartaestudios.co\/?page_id=217\" target=\"_self\">Apartaestudios Lago<\/a><\/h2><\/div><\/div><\/div><\/div><\/div><\/article><!-- The Grid item #6 --><article class=\"tg-item tg-post-6721 lome\" data-row=\"1\" data-col=\"1\"><div class=\"tg-item-inner\"><div class=\"tg-item-media-holder tg-light\"><div class=\"tg-item-media-inner\"><div class=\"tg-item-image\" style=\"background-image: url(https:\/\/myhouseapartaestudios.co\/wp-content\/uploads\/2023\/04\/lourdes_modelo1estudio019.jpeg)\"><\/div><\/div><div class=\"tg-item-overlay\"><\/div><div class=\"tg-item-content\"><div class=\"tg-center-holder\"><div class=\"tg-center-inner\"><a class=\"tg-item-link\" href=\"https:\/\/myhouseapartaestudios.co\/?page_id=6721\" target=\"_self\"><\/a><span class=\"tg-item-date\">abril 25, 2023<\/span><h2 class=\"tg-item-title\"><a href=\"https:\/\/myhouseapartaestudios.co\/?page_id=6721\" target=\"_self\">Apartaestudios Chapinero Central<\/a><\/h2><\/div><\/div><\/div><\/div><\/div><\/article><!-- The Grid item #7 --><article class=\"tg-item tg-post-6776 lome\" data-row=\"1\" data-col=\"1\"><div class=\"tg-item-inner\"><div class=\"tg-item-media-holder tg-light\"><div class=\"tg-item-media-inner\"><div class=\"tg-item-image\" style=\"background-image: url(https:\/\/myhouseapartaestudios.co\/wp-content\/uploads\/2023\/04\/lourdes_nuevo_modelo1_034.jpeg)\"><\/div><\/div><div class=\"tg-item-overlay\"><\/div><div class=\"tg-item-content\"><div class=\"tg-center-holder\"><div class=\"tg-center-inner\"><a class=\"tg-item-link\" href=\"https:\/\/myhouseapartaestudios.co\/?page_id=6776\" target=\"_self\"><\/a><span class=\"tg-item-date\">abril 25, 2023<\/span><h2 class=\"tg-item-title\"><a href=\"https:\/\/myhouseapartaestudios.co\/?page_id=6776\" target=\"_self\">Apartaestudios Lourdes<\/a><\/h2><\/div><\/div><\/div><\/div><\/div><\/article><!-- The Grid item #8 --><article class=\"tg-item tg-post-9090 lome\" data-row=\"1\" data-col=\"1\"><div class=\"tg-item-inner\"><div class=\"tg-item-media-holder tg-light\"><div class=\"tg-item-media-inner\"><div class=\"tg-item-image\" style=\"background-image: url(https:\/\/myhouseapartaestudios.co\/wp-content\/uploads\/2023\/05\/mod3lasalle06.jpeg)\"><\/div><\/div><div class=\"tg-item-overlay\"><\/div><div class=\"tg-item-content\"><div class=\"tg-center-holder\"><div class=\"tg-center-inner\"><a class=\"tg-item-link\" href=\"https:\/\/myhouseapartaestudios.co\/?page_id=9090\" target=\"_self\"><\/a><span class=\"tg-item-date\">abril 25, 2023<\/span><h2 class=\"tg-item-title\"><a href=\"https:\/\/myhouseapartaestudios.co\/?page_id=9090\" target=\"_self\">Apartaestudios La Salle<\/a><\/h2><\/div><\/div><\/div><\/div><\/div><\/article><\/div><\/div><!-- The Grid Slider Wrapper End --><!-- The Grid Area Bottom 1 --><div class=\"tg-grid-area-bottom1\"><div class=\"tg-left-arrow tg-nav-color tg-nav-font\"><i class=\"tg-icon-left-arrow tg-nav-color tg-nav-border tg-nav-font\"><\/i><\/div><!-- The Grid Slider Bullets --><div class=\"tg-slider-bullets-holder\"><div class=\"tg-slider-bullets\"><\/div><\/div><div class=\"tg-right-arrow tg-nav-color tg-nav-font\"><i class=\"tg-icon-right-arrow tg-nav-color tg-nav-border tg-nav-font\"><\/i><\/div><\/div><\/div><!-- The Grid Wrapper End --><\/div>\n\t\t\t\t\t\t<\/div>\n\t\t\t\t<\/div>\n\t\t\t\t\t<\/div>\n\t\t<\/div>\n\t\t\t\t\t<\/div>\n\t\t<\/section>\n\t\t\t\t<\/div>\n\t\t","protected":false},"excerpt":{"rendered":"<p>\u00bfPor Qu\u00e9 My House Apartaestudios? En My House ofrecemos una soluci\u00f3n de vivienda ideal para quienes buscan una ubicaci\u00f3n estrat\u00e9gica en la ciudad. Contamos con edificios de apartamentos tipo loft americano independientes, bien iluminados y ventilados, con un dise\u00f1o arquitect\u00f3nico de uno o dos ambientes. Adem\u00e1s, ofrecemos opciones de alquiler de apartaestudios en Bogota. Adem\u00e1s, &#8230; <a title=\"Apartaestudios La Salle\" class=\"read-more\" href=\"https:\/\/myhouseapartaestudios.co\/?page_id=9090\" aria-label=\"Leer m\u00e1s sobre Apartaestudios La Salle\">Leer m\u00e1s<\/a><\/p>\n","protected":false},"author":2,"featured_media":0,"parent":0,"menu_order":0,"comment_status":"closed","ping_status":"closed","template":"","meta":{"footnotes":""},"class_list":["post-9","page","type-page","status-publish","format-standard"],"_links":{"self":[{"href":"https:\/\/myhouseapartaestudios.co\/index.php?rest_route=\/wp\/v2\/pages\/9","targetHints":{"allow":["GET"]}}],"collection":[{"href":"https:\/\/myhouseapartaestudios.co\/index.php?rest_route=\/wp\/v2\/pages"}],"about":[{"href":"https:\/\/myhouseapartaestudios.co\/index.php?rest_route=\/wp\/v2\/types\/page"}],"author":[{"embeddable":true,"href":"https:\/\/myhouseapartaestudios.co\/index.php?rest_route=\/wp\/v2\/users\/2"}],"replies":[{"embeddable":true,"href":"https:\/\/myhouseapartaestudios.co\/index.php?rest_route=%2Fwp%2Fv2%2Fcomments&post=9"}],"version-history":[{"count":61,"href":"https:\/\/myhouseapartaestudios.co\/index.php?rest_route=\/wp\/v2\/pages\/9\/revisions"}],"predecessor-version":[{"id":11680,"href":"https:\/\/myhouseapartaestudios.co\/index.php?rest_route=\/wp\/v2\/pages\/9\/revisions\/11680"}],"wp:attachment":[{"href":"https:\/\/myhouseapartaestudios.co\/index.php?rest_route=%2Fwp%2Fv2%2Fmedia&parent=9"}],"curies":[{"name":"wp","href":"https:\/\/api.w.org\/{rel}","templated":true}]}}